{"id":12878,"date":"2023-10-23T13:32:26","date_gmt":"2023-10-23T11:32:26","guid":{"rendered":"https:\/\/faq.avecdo.com\/artikler\/"},"modified":"2024-06-19T09:56:20","modified_gmt":"2024-06-19T07:56:20","slug":"artikler","status":"publish","type":"page","link":"https:\/\/faq.avecdo.com\/no\/artikler\/","title":{"rendered":"Artikler"},"content":{"rendered":"\t\t<div data-elementor-type=\"wp-page\" data-elementor-id=\"12878\" class=\"elementor elementor-12878 elementor-11223\">\n\t\t\t\t<div class=\"elementor-element elementor-element-dd33e20 e-flex e-con-boxed e-con e-parent\" data-id=\"dd33e20\" data-element_type=\"container\">\n\t\t\t\t\t<div class=\"e-con-inner\">\n\t\t\t\t<div class=\"elementor-element elementor-element-5c6b962 elementor-widget elementor-widget-the7_elements\" data-id=\"5c6b962\" data-element_type=\"widget\" data-widget_type=\"the7_elements.default\">\n\t\t\t\t<div class=\"elementor-widget-container\">\n\t\t\t\t\t<div class=\"portfolio-shortcode the7-elementor-widget the7_elements-5c6b962 mode-masonry classic-layout-list description-under-image quick-scale-img content-bg-on enable-bg-rollover resize-by-browser-width widget-with-filter loading-effect-fade-in jquery-filter lazy-loading-mode\" data-padding=\"15px\" data-mobile-columns-num=\"1\" data-tablet-columns-num=\"2\" data-desktop-columns-num=\"2\" data-wide-desktop-columns-num=\"2\" data-post-limit=\"10\" data-pagination-mode=\"load-more\" data-scroll-offset=\"\" aria-live=\"assertive\"><div class=\"iso-filter filter-decorations extras-off filter filter-pointer-default show-filter-categories   filter-bg-decoration\"><div class=\"filter-categories\" data-default-order=\"\" data-default-orderby=\"\"><a href=\"https:\/\/faq.avecdo.com\/no\/artikler\/\" class=\"show-all filter-item act\" data-filter=\"*\" aria-label=\"Apply filter: Vis alle\">Vis alle<\/a><a href=\"https:\/\/faq.avecdo.com\/no\/artikler\/?term=oss\" class=\"filter-item oss\" data-filter=\".category-98\" aria-label=\"Apply filter: OSS\">OSS<\/a><a href=\"https:\/\/faq.avecdo.com\/no\/artikler\/?term=utganger\" class=\"filter-item utganger\" data-filter=\".category-103\" aria-label=\"Apply filter: Utganger\">Utganger<\/a><\/div><\/div><div class=\"iso-container dt-isotope custom-iso-columns\"><div class=\"visible wf-cell iso-item category-98 category-103\" data-post-id=\"12914\" data-date=\"2024-06-25T13:01:24+02:00\" data-name=\"Hvordan selge p\u00e5 Facebook Merchantcenter? En guide for nybegynnere\"><article class=\"post visible post-12914 type-post status-publish format-standard has-post-thumbnail hentry category-oss category-utganger\" data-name=\"Hvordan selge p\u00e5 Facebook Merchantcenter? En guide for nybegynnere\" data-date=\"2024-06-25T13:01:24+02:00\">\n\n\t<div class=\"post-thumbnail-wrap\">\n\t\t<div class=\"post-thumbnail\">\n\n\t\t\t<a class=\"post-thumbnail-rollover layzr-bg img-css-resize-wrapper\" aria-label=\"Post image\" href=\"https:\/\/faq.avecdo.com\/no\/hvordan-selge-pa-facebook-merchantcenter-en-guide-for-nybegynnere\/\"><img fetchpriority=\"high\" decoding=\"async\" width=\"1423\" height=\"801\" src=\"data:image\/svg+xml,%3Csvg%20xmlns%3D&#039;http%3A%2F%2Fwww.w3.org%2F2000%2Fsvg&#039;%20viewBox%3D&#039;0%200%201423%20801&#039;%2F%3E\" class=\"attachment-full size-full preload-me aspect lazy lazy-load\" alt=\"Facebook Merchant Center\" sizes=\"(max-width: 1423px) 100vw, 1423px\" style=\"--ratio: 1423 \/ 801;\" data-src=\"https:\/\/faq.avecdo.com\/wp-content\/uploads\/2024\/06\/Screenshot-2024-06-25-13.13.07.png\" loading=\"eager\" data-srcset=\"https:\/\/faq.avecdo.com\/wp-content\/uploads\/2024\/06\/Screenshot-2024-06-25-13.13.07.png 1423w, https:\/\/faq.avecdo.com\/wp-content\/uploads\/2024\/06\/Screenshot-2024-06-25-13.13.07-300x169.png 300w, https:\/\/faq.avecdo.com\/wp-content\/uploads\/2024\/06\/Screenshot-2024-06-25-13.13.07-1024x576.png 1024w, https:\/\/faq.avecdo.com\/wp-content\/uploads\/2024\/06\/Screenshot-2024-06-25-13.13.07-768x432.png 768w\" \/><span class=\"the7-hover-icon\"><i aria-hidden=\"true\" class=\"fas fa-plus\"><\/i><\/span><\/a>\n\t\t<\/div>\n\t<\/div>\n\n\n<div class=\"post-entry-content\">\n\n\t<h3 class=\"ele-entry-title\"><a href=\"https:\/\/faq.avecdo.com\/no\/hvordan-selge-pa-facebook-merchantcenter-en-guide-for-nybegynnere\/\" rel=\"bookmark\" title=\"Hvordan selge p\u00e5 Facebook Merchantcenter? En guide for nybegynnere\">Hvordan selge p\u00e5 Facebook Merchantcenter? En guide for nybegynnere<\/a><\/h3><div class=\"entry-meta\"><span class=\"meta-item category-link\"><a href=\"https:\/\/faq.avecdo.com\/no\/category\/oss\/\" rel=\"tag\">OSS<\/a>, <a href=\"https:\/\/faq.avecdo.com\/no\/category\/utganger\/\" rel=\"tag\">Utganger<\/a><\/span><\/div><div class=\"entry-excerpt\"><p>Hvis du er ivrig etter \u00e5 utvide din forretnings rekkevidde, tilbyr Facebook et omfattende sett med verkt\u00f8y for \u00e5 lette salg online. Merk at denne teksten er automatisk oversatt av&hellip;<\/p>\n<\/div><a href=\"https:\/\/faq.avecdo.com\/no\/hvordan-selge-pa-facebook-merchantcenter-en-guide-for-nybegynnere\/\" target=\"\" aria-label=\"Read more about Hvordan selge p\u00e5 Facebook Merchantcenter? En guide for nybegynnere\" class=\"box-button elementor-button elementor-size-xs\">Les mer<\/a>\n<\/div><\/article><\/div><div class=\"visible wf-cell iso-item category-98 category-103\" data-post-id=\"12880\" data-date=\"2024-06-18T10:59:09+02:00\" data-name=\"Hva er fordelene med \u00e5 bruke en Google Shopping-produktfeed?\"><article class=\"post visible post-12880 type-post status-publish format-standard has-post-thumbnail hentry category-oss category-utganger\" data-name=\"Hva er fordelene med \u00e5 bruke en Google Shopping-produktfeed?\" data-date=\"2024-06-18T10:59:09+02:00\">\n\n\t<div class=\"post-thumbnail-wrap\">\n\t\t<div class=\"post-thumbnail\">\n\n\t\t\t<a class=\"post-thumbnail-rollover layzr-bg img-css-resize-wrapper\" aria-label=\"Post image\" href=\"https:\/\/faq.avecdo.com\/no\/hva-er-fordelene-med-a-bruke-en-google-shopping-produktfeed\/\"><img decoding=\"async\" width=\"850\" height=\"717\" src=\"data:image\/svg+xml,%3Csvg%20xmlns%3D&#039;http%3A%2F%2Fwww.w3.org%2F2000%2Fsvg&#039;%20viewBox%3D&#039;0%200%20850%20717&#039;%2F%3E\" class=\"attachment-full size-full preload-me aspect lazy lazy-load\" alt=\"\" sizes=\"(max-width: 850px) 100vw, 850px\" style=\"--ratio: 850 \/ 717;\" data-src=\"https:\/\/faq.avecdo.com\/wp-content\/uploads\/2024\/06\/Screenshot-2024-06-18-10.05.49.png\" loading=\"eager\" data-srcset=\"https:\/\/faq.avecdo.com\/wp-content\/uploads\/2024\/06\/Screenshot-2024-06-18-10.05.49.png 850w, https:\/\/faq.avecdo.com\/wp-content\/uploads\/2024\/06\/Screenshot-2024-06-18-10.05.49-300x253.png 300w, https:\/\/faq.avecdo.com\/wp-content\/uploads\/2024\/06\/Screenshot-2024-06-18-10.05.49-768x648.png 768w\" \/><span class=\"the7-hover-icon\"><i aria-hidden=\"true\" class=\"fas fa-plus\"><\/i><\/span><\/a>\n\t\t<\/div>\n\t<\/div>\n\n\n<div class=\"post-entry-content\">\n\n\t<h3 class=\"ele-entry-title\"><a href=\"https:\/\/faq.avecdo.com\/no\/hva-er-fordelene-med-a-bruke-en-google-shopping-produktfeed\/\" rel=\"bookmark\" title=\"Hva er fordelene med \u00e5 bruke en Google Shopping-produktfeed?\">Hva er fordelene med \u00e5 bruke en Google Shopping-produktfeed?<\/a><\/h3><div class=\"entry-meta\"><span class=\"meta-item category-link\"><a href=\"https:\/\/faq.avecdo.com\/no\/category\/oss\/\" rel=\"tag\">OSS<\/a>, <a href=\"https:\/\/faq.avecdo.com\/no\/category\/utganger\/\" rel=\"tag\">Utganger<\/a><\/span><\/div><div class=\"entry-excerpt\"><p>\u00c5 bruke en Google Shopping-produktfeed kan betydelig forbedre e-handelsytelsen din.<\/p>\n<\/div><a href=\"https:\/\/faq.avecdo.com\/no\/hva-er-fordelene-med-a-bruke-en-google-shopping-produktfeed\/\" target=\"\" aria-label=\"Read more about Hva er fordelene med \u00e5 bruke en Google Shopping-produktfeed?\" class=\"box-button elementor-button elementor-size-xs\">Les mer<\/a>\n<\/div><\/article><\/div><\/div><!-- iso-container|iso-grid --><div class=\"paginator filter-decorations paginator-more-button filter-pointer-underline filter-animation-fade\">\n\t\t\t\t<a class=\"button-load-more highlighted filter-item\" href=\"javascript:void(0);\" data-dt-page=\"1\" ><span class=\"button-caption\">Load more<\/span><\/a>\n\t\t\t<\/div><\/div>\t\t\t\t<\/div>\n\t\t\t\t<\/div>\n\t\t\t\t\t<\/div>\n\t\t\t\t<\/div>\n\t\t\t\t<\/div>\n\t\t","protected":false},"excerpt":{"rendered":"<p>Vis alleCompany newsFAQInputsMappingOtherOutputsQuestions from users What are the benefits of using a Google Shopping product feed? FAQ, Outputs Utilizing a Google Shopping product feed can significantly enhance your e-commerce performance. Les mer Top Seven Benefits of Marketing Yourself on Google Shopping Outputs There are many benefits to marketing yourself on Google Shopping. Here is a&hellip;<\/p>\n","protected":false},"author":2,"featured_media":0,"parent":0,"menu_order":0,"comment_status":"closed","ping_status":"closed","template":"","meta":{"om_disable_all_campaigns":false,"_monsterinsights_skip_tracking":false,"_monsterinsights_sitenote_active":false,"_monsterinsights_sitenote_note":"","_monsterinsights_sitenote_category":0,"footnotes":""},"class_list":["post-12878","page","type-page","status-publish","hentry"],"aioseo_notices":[],"_links":{"self":[{"href":"https:\/\/faq.avecdo.com\/no\/wp-json\/wp\/v2\/pages\/12878","targetHints":{"allow":["GET"]}}],"collection":[{"href":"https:\/\/faq.avecdo.com\/no\/wp-json\/wp\/v2\/pages"}],"about":[{"href":"https:\/\/faq.avecdo.com\/no\/wp-json\/wp\/v2\/types\/page"}],"author":[{"embeddable":true,"href":"https:\/\/faq.avecdo.com\/no\/wp-json\/wp\/v2\/users\/2"}],"replies":[{"embeddable":true,"href":"https:\/\/faq.avecdo.com\/no\/wp-json\/wp\/v2\/comments?post=12878"}],"version-history":[{"count":1,"href":"https:\/\/faq.avecdo.com\/no\/wp-json\/wp\/v2\/pages\/12878\/revisions"}],"predecessor-version":[{"id":12879,"href":"https:\/\/faq.avecdo.com\/no\/wp-json\/wp\/v2\/pages\/12878\/revisions\/12879"}],"wp:attachment":[{"href":"https:\/\/faq.avecdo.com\/no\/wp-json\/wp\/v2\/media?parent=12878"}],"curies":[{"name":"wp","href":"https:\/\/api.w.org\/{rel}","templated":true}]}}