{"id":12876,"date":"2023-10-23T13:32:26","date_gmt":"2023-10-23T11:32:26","guid":{"rendered":"https:\/\/faq.avecdo.com\/artiklar\/"},"modified":"2024-06-19T09:54:16","modified_gmt":"2024-06-19T07:54:16","slug":"artiklar","status":"publish","type":"page","link":"https:\/\/faq.avecdo.com\/sv\/artiklar\/","title":{"rendered":"Artiklar"},"content":{"rendered":"\t\t<div data-elementor-type=\"wp-page\" data-elementor-id=\"12876\" class=\"elementor elementor-12876 elementor-11223\">\n\t\t\t\t<div class=\"elementor-element elementor-element-dd33e20 e-flex e-con-boxed e-con e-parent\" data-id=\"dd33e20\" data-element_type=\"container\">\n\t\t\t\t\t<div class=\"e-con-inner\">\n\t\t\t\t<div class=\"elementor-element elementor-element-5c6b962 elementor-widget elementor-widget-the7_elements\" data-id=\"5c6b962\" data-element_type=\"widget\" data-widget_type=\"the7_elements.default\">\n\t\t\t\t<div class=\"elementor-widget-container\">\n\t\t\t\t\t<div class=\"portfolio-shortcode the7-elementor-widget the7_elements-5c6b962 mode-masonry classic-layout-list description-under-image quick-scale-img content-bg-on enable-bg-rollover resize-by-browser-width widget-with-filter loading-effect-fade-in jquery-filter lazy-loading-mode\" data-padding=\"15px\" data-mobile-columns-num=\"1\" data-tablet-columns-num=\"2\" data-desktop-columns-num=\"2\" data-wide-desktop-columns-num=\"2\" data-post-limit=\"10\" data-pagination-mode=\"load-more\" data-scroll-offset=\"\" aria-live=\"assertive\"><div class=\"iso-filter filter-decorations extras-off filter filter-pointer-default show-filter-categories   filter-bg-decoration\"><div class=\"filter-categories\" data-default-order=\"\" data-default-orderby=\"\"><a href=\"https:\/\/faq.avecdo.com\/sv\/artiklar\/\" class=\"show-all filter-item act\" data-filter=\"*\" aria-label=\"Apply filter: Visa alla\">Visa alla<\/a><a href=\"https:\/\/faq.avecdo.com\/sv\/artiklar\/?term=utdata\" class=\"filter-item utdata\" data-filter=\".category-114\" aria-label=\"Apply filter: Utdata\">Utdata<\/a><a href=\"https:\/\/faq.avecdo.com\/sv\/artiklar\/?term=vanliga-fragor\" class=\"filter-item vanliga-fragor\" data-filter=\".category-109\" aria-label=\"Apply filter: Vanliga fr\u00e5gor\">Vanliga fr\u00e5gor<\/a><\/div><\/div><div class=\"iso-container dt-isotope custom-iso-columns\"><div class=\"visible wf-cell iso-item category-114 category-109\" data-post-id=\"12916\" data-date=\"2024-06-25T13:01:24+02:00\" data-name=\"Hur s\u00e4ljer man p\u00e5 Facebook Merchantcenter? En guide f\u00f6r nyb\u00f6rjare\"><article class=\"post visible post-12916 type-post status-publish format-standard has-post-thumbnail hentry category-utdata category-vanliga-fragor\" data-name=\"Hur s\u00e4ljer man p\u00e5 Facebook Merchantcenter? En guide f\u00f6r nyb\u00f6rjare\" data-date=\"2024-06-25T13:01:24+02:00\">\n\n\t<div class=\"post-thumbnail-wrap\">\n\t\t<div class=\"post-thumbnail\">\n\n\t\t\t<a class=\"post-thumbnail-rollover layzr-bg img-css-resize-wrapper\" aria-label=\"Post image\" href=\"https:\/\/faq.avecdo.com\/sv\/hur-saljer-man-pa-facebook-merchantcenter-en-guide-for-nyborjare\/\"><img fetchpriority=\"high\" decoding=\"async\" width=\"1423\" height=\"801\" src=\"data:image\/svg+xml,%3Csvg%20xmlns%3D&#039;http%3A%2F%2Fwww.w3.org%2F2000%2Fsvg&#039;%20viewBox%3D&#039;0%200%201423%20801&#039;%2F%3E\" class=\"attachment-full size-full preload-me aspect lazy lazy-load\" alt=\"Facebook Merchant Center\" sizes=\"(max-width: 1423px) 100vw, 1423px\" style=\"--ratio: 1423 \/ 801;\" data-src=\"https:\/\/faq.avecdo.com\/wp-content\/uploads\/2024\/06\/Screenshot-2024-06-25-13.13.07.png\" loading=\"eager\" data-srcset=\"https:\/\/faq.avecdo.com\/wp-content\/uploads\/2024\/06\/Screenshot-2024-06-25-13.13.07.png 1423w, https:\/\/faq.avecdo.com\/wp-content\/uploads\/2024\/06\/Screenshot-2024-06-25-13.13.07-300x169.png 300w, https:\/\/faq.avecdo.com\/wp-content\/uploads\/2024\/06\/Screenshot-2024-06-25-13.13.07-1024x576.png 1024w, https:\/\/faq.avecdo.com\/wp-content\/uploads\/2024\/06\/Screenshot-2024-06-25-13.13.07-768x432.png 768w\" \/><span class=\"the7-hover-icon\"><i aria-hidden=\"true\" class=\"fas fa-plus\"><\/i><\/span><\/a>\n\t\t<\/div>\n\t<\/div>\n\n\n<div class=\"post-entry-content\">\n\n\t<h3 class=\"ele-entry-title\"><a href=\"https:\/\/faq.avecdo.com\/sv\/hur-saljer-man-pa-facebook-merchantcenter-en-guide-for-nyborjare\/\" rel=\"bookmark\" title=\"Hur s\u00e4ljer man p\u00e5 Facebook Merchantcenter? En guide f\u00f6r nyb\u00f6rjare\">Hur s\u00e4ljer man p\u00e5 Facebook Merchantcenter? En guide f\u00f6r nyb\u00f6rjare<\/a><\/h3><div class=\"entry-meta\"><span class=\"meta-item category-link\"><a href=\"https:\/\/faq.avecdo.com\/sv\/category\/utdata\/\" rel=\"tag\">Utdata<\/a>, <a href=\"https:\/\/faq.avecdo.com\/sv\/category\/vanliga-fragor\/\" rel=\"tag\">Vanliga fr\u00e5gor<\/a><\/span><\/div><div class=\"entry-excerpt\"><p>Om du \u00e4r ivrig att ut\u00f6ka din aff\u00e4rsr\u00e4ckvidd erbjuder Facebook en omfattande upps\u00e4ttning verktyg f\u00f6r att underl\u00e4tta f\u00f6rs\u00e4ljning online. h\u00e4r guiden syftar till att v\u00e4gleda dig genom grunderna i att&hellip;<\/p>\n<\/div><a href=\"https:\/\/faq.avecdo.com\/sv\/hur-saljer-man-pa-facebook-merchantcenter-en-guide-for-nyborjare\/\" target=\"\" aria-label=\"Read more about Hur s\u00e4ljer man p\u00e5 Facebook Merchantcenter? En guide f\u00f6r nyb\u00f6rjare\" class=\"box-button elementor-button elementor-size-xs\">L\u00e4s mer<\/a>\n<\/div><\/article><\/div><\/div><!-- iso-container|iso-grid --><div class=\"paginator filter-decorations paginator-more-button filter-pointer-underline filter-animation-fade\">\n\t\t\t\t<a class=\"button-load-more highlighted filter-item\" href=\"javascript:void(0);\" data-dt-page=\"1\" ><span class=\"button-caption\">Ladda mer<\/span><\/a>\n\t\t\t<\/div><\/div>\t\t\t\t<\/div>\n\t\t\t\t<\/div>\n\t\t\t\t\t<\/div>\n\t\t\t\t<\/div>\n\t\t\t\t<\/div>\n\t\t","protected":false},"excerpt":{"rendered":"<p>Visa allaCompany newsFAQInputsMappingOtherOutputsQuestions from users What are the benefits of using a Google Shopping product feed? FAQ, Outputs Utilizing a Google Shopping product feed can significantly enhance your e-commerce performance. L\u00e4s mer Top Seven Benefits of Marketing Yourself on Google Shopping Outputs There are many benefits to marketing yourself on Google Shopping. Here is a&hellip;<\/p>\n","protected":false},"author":2,"featured_media":0,"parent":0,"menu_order":0,"comment_status":"closed","ping_status":"closed","template":"","meta":{"om_disable_all_campaigns":false,"_monsterinsights_skip_tracking":false,"_monsterinsights_sitenote_active":false,"_monsterinsights_sitenote_note":"","_monsterinsights_sitenote_category":0,"footnotes":""},"class_list":["post-12876","page","type-page","status-publish","hentry"],"aioseo_notices":[],"_links":{"self":[{"href":"https:\/\/faq.avecdo.com\/sv\/wp-json\/wp\/v2\/pages\/12876","targetHints":{"allow":["GET"]}}],"collection":[{"href":"https:\/\/faq.avecdo.com\/sv\/wp-json\/wp\/v2\/pages"}],"about":[{"href":"https:\/\/faq.avecdo.com\/sv\/wp-json\/wp\/v2\/types\/page"}],"author":[{"embeddable":true,"href":"https:\/\/faq.avecdo.com\/sv\/wp-json\/wp\/v2\/users\/2"}],"replies":[{"embeddable":true,"href":"https:\/\/faq.avecdo.com\/sv\/wp-json\/wp\/v2\/comments?post=12876"}],"version-history":[{"count":1,"href":"https:\/\/faq.avecdo.com\/sv\/wp-json\/wp\/v2\/pages\/12876\/revisions"}],"predecessor-version":[{"id":12877,"href":"https:\/\/faq.avecdo.com\/sv\/wp-json\/wp\/v2\/pages\/12876\/revisions\/12877"}],"wp:attachment":[{"href":"https:\/\/faq.avecdo.com\/sv\/wp-json\/wp\/v2\/media?parent=12876"}],"curies":[{"name":"wp","href":"https:\/\/api.w.org\/{rel}","templated":true}]}}